{"id":107,"date":"2015-10-07T07:42:24","date_gmt":"2015-10-07T07:42:24","guid":{"rendered":"http:\/\/korr.vragerup.se\/?page_id=107"},"modified":"2022-09-05T18:22:18","modified_gmt":"2022-09-05T18:22:18","slug":"bo-pa-lantgard","status":"publish","type":"page","link":"https:\/\/vragerup.se\/en\/bo-pa-lantgard\/","title":{"rendered":"Stay on a Farm"},"content":{"rendered":"<p><\/p>\n<h2>&#8220;Bo p\u00e5 Lantg\u00e5rd&#8221; &#8211; Stay on a Farm<\/h2>\n<p>The farm is inspected, approved and classified by the swedish association for Stay on a Farm, &#8220;<a href=\"https:\/\/www.bopalantgard.org\/\" target=\"_blank\" rel=\"noopener noreferrer\">Bo p\u00e5 Lantg\u00e5rd<\/a>&#8220;.<\/p>\n<p>Vragerup B&amp;B was graded as 4 (on a scale of 1 = &#8220;Approved&#8221; to 5 =&#8221;First Class&#8221;) which guarantees a high quality accommodation. The inspection report (in swedish) is shown to the left.<\/p>\n<p>More information about Bo p\u00e5 Lantg\u00e5rd, region Sk\u00e5ne: <a href=\"https:\/\/www.bopalantgardskane.se\/\" target=\"_blank\" rel=\"noopener noreferrer\">www.bopalantgardskane.se<\/a><\/p>\n<p><img loading=\"lazy\" decoding=\"async\" class=\"alignnone\" src=\"https:\/\/vragerup.se\/pic\/protokoll.gif\" alt=\"G\u00e5rdens klassificering i Bo p\u00e5 Lantg\u00e5rd\" width=\"334\" height=\"266\" \/><\/p>\n<p>\t\t<div style=\"clear:both\"><\/div>\n\t\t<div class=\"psgal_wrap\">\n\t\t\t<div id=\"psgal_107_2\" data-psgal_id=\"107_2\" data-psgal_container_id=\"container_107_2\" data-psgal_thumbnail_width=\"280\" data-psgal_use_masonary=\"0\" class=\"psgal-inline psgal gallery-columns-3 gallery-size-thumbnail use_masonry_ show_captions_\" itemscope itemtype=\"http:\/\/schema.org\/ImageGallery\">\n\t\t\t\t\t\t\t\t\t\t<figure class=\"msnry_items\" itemscope itemtype=\"http:\/\/schema.org\/ImageObject\" style=\"width:280px;\">\n\t\t\t\t\t\t\t<a href=\"https:\/\/vragerup.se\/wp-content\/uploads\/jordbruket-490-1000.jpg\" itemprop=\"contentUrl\" data-size=\"1000x667\" data-caption=\"\" style=\"height:180.32142857143px;\">\n\t\t\t\t\t\t\t\t<img decoding=\"async\" class=\"msnry_thumb\" src=\"https:\/\/vragerup.se\/wp-content\/uploads\/jordbruket-490-1000-560x374.jpg\" itemprop=\"thumbnail\" alt=\"Jordbruk\" \/>\n\t\t\t\t\t\t\t<\/a>\n\t\t\t\t\t\t\t\t\t\t\t\t\t\t<figcaption class=\"photoswipe-gallery-caption\" style=\"display:none;\"><\/figcaption>\n\n\t\t\t\t\t\t<\/figure>\n\t\t\t\t\t\t\t\t\t\t<figure class=\"msnry_items\" itemscope itemtype=\"http:\/\/schema.org\/ImageObject\" style=\"width:280px;\">\n\t\t\t\t\t\t\t<a href=\"https:\/\/vragerup.se\/wp-content\/uploads\/jordbruket-127-900h.jpg\" itemprop=\"contentUrl\" data-size=\"600x900\" data-caption=\"\" style=\"height:404.49438202247px;\">\n\t\t\t\t\t\t\t\t<img decoding=\"async\" class=\"msnry_thumb\" src=\"https:\/\/vragerup.se\/wp-content\/uploads\/jordbruket-127-900h-267x400.jpg\" itemprop=\"thumbnail\" alt=\"Jordbruk\" \/>\n\t\t\t\t\t\t\t<\/a>\n\t\t\t\t\t\t\t\t\t\t\t\t\t\t<figcaption class=\"photoswipe-gallery-caption\" style=\"display:none;\"><\/figcaption>\n\n\t\t\t\t\t\t<\/figure>\n\t\t\t\t\t\t\t\t\t\t<figure class=\"msnry_items\" itemscope itemtype=\"http:\/\/schema.org\/ImageObject\" style=\"width:280px;\">\n\t\t\t\t\t\t\t<a href=\"https:\/\/vragerup.se\/wp-content\/uploads\/Betupptagarbesok-lantbruket-1000.jpg\" itemprop=\"contentUrl\" data-size=\"1000x667\" data-caption=\"\" style=\"height:180.32142857143px;\">\n\t\t\t\t\t\t\t\t<img decoding=\"async\" class=\"msnry_thumb\" src=\"https:\/\/vragerup.se\/wp-content\/uploads\/Betupptagarbesok-lantbruket-1000-560x374.jpg\" itemprop=\"thumbnail\" alt=\"Betupptagare\" \/>\n\t\t\t\t\t\t\t<\/a>\n\t\t\t\t\t\t\t\t\t\t\t\t\t\t<figcaption class=\"photoswipe-gallery-caption\" style=\"display:none;\"><\/figcaption>\n\n\t\t\t\t\t\t<\/figure>\n\t\t\t\t\t\t\t\t\t\t<figure class=\"msnry_items\" itemscope itemtype=\"http:\/\/schema.org\/ImageObject\" style=\"width:280px;\">\n\t\t\t\t\t\t\t<a href=\"https:\/\/vragerup.se\/wp-content\/uploads\/jordbruk-193-1000.jpg\" itemprop=\"contentUrl\" data-size=\"1000x667\" data-caption=\"\" style=\"height:180.32142857143px;\">\n\t\t\t\t\t\t\t\t<img decoding=\"async\" class=\"msnry_thumb\" src=\"https:\/\/vragerup.se\/wp-content\/uploads\/jordbruk-193-1000-560x374.jpg\" itemprop=\"thumbnail\" alt=\"Jordbruk\" \/>\n\t\t\t\t\t\t\t<\/a>\n\t\t\t\t\t\t\t\t\t\t\t\t\t\t<figcaption class=\"photoswipe-gallery-caption\" style=\"display:none;\"><\/figcaption>\n\n\t\t\t\t\t\t<\/figure>\n\t\t\t\t\t\t\t\t\t\t<figure class=\"msnry_items\" itemscope itemtype=\"http:\/\/schema.org\/ImageObject\" style=\"width:280px;\">\n\t\t\t\t\t\t\t<a href=\"https:\/\/vragerup.se\/wp-content\/uploads\/betupptagaren-1000.jpg\" itemprop=\"contentUrl\" data-size=\"1000x667\" data-caption=\"Betupptagare\" style=\"height:180.32142857143px;\">\n\t\t\t\t\t\t\t\t<img decoding=\"async\" class=\"msnry_thumb\" src=\"https:\/\/vragerup.se\/wp-content\/uploads\/betupptagaren-1000-560x374.jpg\" itemprop=\"thumbnail\" alt=\"Betupptagaren\" \/>\n\t\t\t\t\t\t\t<\/a>\n\t\t\t\t\t\t\t\t\t\t\t\t\t\t<figcaption class=\"photoswipe-gallery-caption\" style=\"display:none;\">Betupptagare<\/figcaption>\n\n\t\t\t\t\t\t<\/figure>\n\t\t\t\t\t\t\t\t\t\t<figure class=\"msnry_items\" itemscope itemtype=\"http:\/\/schema.org\/ImageObject\" style=\"width:280px;\">\n\t\t\t\t\t\t\t<a href=\"https:\/\/vragerup.se\/wp-content\/uploads\/jordbruk-191-1000.jpg\" itemprop=\"contentUrl\" data-size=\"1000x667\" data-caption=\"\" style=\"height:180.32142857143px;\">\n\t\t\t\t\t\t\t\t<img decoding=\"async\" class=\"msnry_thumb\" src=\"https:\/\/vragerup.se\/wp-content\/uploads\/jordbruk-191-1000-560x374.jpg\" itemprop=\"thumbnail\" alt=\"Jordbruk\" \/>\n\t\t\t\t\t\t\t<\/a>\n\t\t\t\t\t\t\t\t\t\t\t\t\t\t<figcaption class=\"photoswipe-gallery-caption\" style=\"display:none;\"><\/figcaption>\n\n\t\t\t\t\t\t<\/figure>\n\t\t\t\t\t\t\t\t\t\t<figure class=\"msnry_items\" itemscope itemtype=\"http:\/\/schema.org\/ImageObject\" style=\"width:280px;\">\n\t\t\t\t\t\t\t<a href=\"https:\/\/vragerup.se\/wp-content\/uploads\/jordbruk-184-1000.jpg\" itemprop=\"contentUrl\" data-size=\"1000x667\" data-caption=\"\" style=\"height:180.32142857143px;\">\n\t\t\t\t\t\t\t\t<img decoding=\"async\" class=\"msnry_thumb\" src=\"https:\/\/vragerup.se\/wp-content\/uploads\/jordbruk-184-1000-560x374.jpg\" itemprop=\"thumbnail\" alt=\"Traktor med halmbalar\" \/>\n\t\t\t\t\t\t\t<\/a>\n\t\t\t\t\t\t\t\t\t\t\t\t\t\t<figcaption class=\"photoswipe-gallery-caption\" style=\"display:none;\"><\/figcaption>\n\n\t\t\t\t\t\t<\/figure>\n\t\t\t\t\t\t\t\t\t\t<figure class=\"msnry_items\" itemscope itemtype=\"http:\/\/schema.org\/ImageObject\" style=\"width:280px;\">\n\t\t\t\t\t\t\t<a href=\"https:\/\/vragerup.se\/wp-content\/uploads\/varbruk-1000-1.jpg\" itemprop=\"contentUrl\" data-size=\"1000x666\" data-caption=\"\" style=\"height:179.83928571429px;\">\n\t\t\t\t\t\t\t\t<img decoding=\"async\" class=\"msnry_thumb\" src=\"https:\/\/vragerup.se\/wp-content\/uploads\/varbruk-1000-1-560x373.jpg\" itemprop=\"thumbnail\" alt=\"\" \/>\n\t\t\t\t\t\t\t<\/a>\n\t\t\t\t\t\t\t\t\t\t\t\t\t\t<figcaption class=\"photoswipe-gallery-caption\" style=\"display:none;\"><\/figcaption>\n\n\t\t\t\t\t\t<\/figure>\n\t\t\t\t\t\t\t<\/div>\n\t\t<\/div>\n\t\t<div style='clear:both'><\/div>\n<\/p>","protected":false},"excerpt":{"rendered":"<p>&#8220;Bo p\u00e5 Lantg\u00e5rd&#8221; &#8211; Stay on a Farm The farm is inspected, approved and classified by the swedish association for Stay on a Farm, &#8220;Bo p\u00e5 Lantg\u00e5rd&#8220;. Vragerup B&amp;B was graded as 4 (on a scale of 1 = &#8220;Approved&#8221; to 5 =&#8221;First Class&#8221;) which guarantees a high quality accommodation. The inspection report (in swedish) [&hellip;]<\/p>\n","protected":false},"author":1,"featured_media":186,"parent":0,"menu_order":0,"comment_status":"closed","ping_status":"closed","template":"","meta":{"footnotes":""},"class_list":["post-107","page","type-page","status-publish","has-post-thumbnail","hentry"],"_links":{"self":[{"href":"https:\/\/vragerup.se\/en\/wp-json\/wp\/v2\/pages\/107","targetHints":{"allow":["GET"]}}],"collection":[{"href":"https:\/\/vragerup.se\/en\/wp-json\/wp\/v2\/pages"}],"about":[{"href":"https:\/\/vragerup.se\/en\/wp-json\/wp\/v2\/types\/page"}],"author":[{"embeddable":true,"href":"https:\/\/vragerup.se\/en\/wp-json\/wp\/v2\/users\/1"}],"replies":[{"embeddable":true,"href":"https:\/\/vragerup.se\/en\/wp-json\/wp\/v2\/comments?post=107"}],"version-history":[{"count":14,"href":"https:\/\/vragerup.se\/en\/wp-json\/wp\/v2\/pages\/107\/revisions"}],"predecessor-version":[{"id":1109,"href":"https:\/\/vragerup.se\/en\/wp-json\/wp\/v2\/pages\/107\/revisions\/1109"}],"wp:featuredmedia":[{"embeddable":true,"href":"https:\/\/vragerup.se\/en\/wp-json\/wp\/v2\/media\/186"}],"wp:attachment":[{"href":"https:\/\/vragerup.se\/en\/wp-json\/wp\/v2\/media?parent=107"}],"curies":[{"name":"wp","href":"https:\/\/api.w.org\/{rel}","templated":true}]}}