{"id":128,"date":"2015-10-10T06:39:36","date_gmt":"2015-10-10T06:39:36","guid":{"rendered":"http:\/\/korr.vragerup.se\/?page_id=128"},"modified":"2016-05-21T14:22:10","modified_gmt":"2016-05-21T14:22:10","slug":"bilder-vragerup","status":"publish","type":"page","link":"https:\/\/vragerup.se\/en\/bilder-vragerup\/","title":{"rendered":"Pictures from Vragerup"},"content":{"rendered":"\t\t<div style=\"clear:both\"><\/div>\n\t\t<div class=\"psgal_wrap\">\n\t\t\t<div id=\"psgal_128_1\" data-psgal_id=\"128_1\" data-psgal_container_id=\"container_128_1\" data-psgal_thumbnail_width=\"280\" data-psgal_use_masonary=\"0\" class=\"psgal-inline psgal gallery-columns-3 gallery-size-thumbnail use_masonry_ show_captions_\" itemscope itemtype=\"http:\/\/schema.org\/ImageGallery\">\n\t\t\t\t\t\t\t\t\t\t<figure class=\"msnry_items\" itemscope itemtype=\"http:\/\/schema.org\/ImageObject\" style=\"width:280px;\">\n\t\t\t\t\t\t\t<a href=\"https:\/\/vragerup.se\/wp-content\/uploads\/bla-hallen-h1000.jpg\" itemprop=\"contentUrl\" data-size=\"750x1000\" data-caption=\"Bl\u00e5 Hallen p\u00e5 nederv\u00e5ningen\" style=\"height:360px;\">\n\t\t\t\t\t\t\t\t<img decoding=\"async\" class=\"msnry_thumb\" src=\"https:\/\/vragerup.se\/wp-content\/uploads\/bla-hallen-h1000-300x400.jpg\" itemprop=\"thumbnail\" alt=\"\" \/>\n\t\t\t\t\t\t\t<\/a>\n\t\t\t\t\t\t\t\t\t\t\t\t\t\t<figcaption class=\"photoswipe-gallery-caption\" style=\"display:none;\">Bl\u00e5 Hallen p\u00e5 nederv\u00e5ningen<\/figcaption>\n\n\t\t\t\t\t\t<\/figure>\n\t\t\t\t\t\t\t\t\t\t<figure class=\"msnry_items\" itemscope itemtype=\"http:\/\/schema.org\/ImageObject\" style=\"width:280px;\">\n\t\t\t\t\t\t\t<a href=\"https:\/\/vragerup.se\/wp-content\/uploads\/cykel-085-1200-1200x900.jpg\" itemprop=\"contentUrl\" data-size=\"1200x900\" data-caption=\"P\u00e5 cykeltur\" style=\"height:202.62664165103px;\">\n\t\t\t\t\t\t\t\t<img decoding=\"async\" class=\"msnry_thumb\" src=\"https:\/\/vragerup.se\/wp-content\/uploads\/cykel-085-1200-533x400.jpg\" itemprop=\"thumbnail\" alt=\"\" \/>\n\t\t\t\t\t\t\t<\/a>\n\t\t\t\t\t\t\t\t\t\t\t\t\t\t<figcaption class=\"photoswipe-gallery-caption\" style=\"display:none;\">P\u00e5 cykeltur<\/figcaption>\n\n\t\t\t\t\t\t<\/figure>\n\t\t\t\t\t\t\t\t\t\t<figure class=\"msnry_items\" itemscope itemtype=\"http:\/\/schema.org\/ImageObject\" style=\"width:280px;\">\n\t\t\t\t\t\t\t<a href=\"https:\/\/vragerup.se\/wp-content\/uploads\/Flickorna-Wraghe.jpg\" itemprop=\"contentUrl\" data-size=\"640x960\" data-caption=\"\" style=\"height:404.49438202247px;\">\n\t\t\t\t\t\t\t\t<img decoding=\"async\" class=\"msnry_thumb\" src=\"https:\/\/vragerup.se\/wp-content\/uploads\/Flickorna-Wraghe-267x400.jpg\" itemprop=\"thumbnail\" alt=\"\" \/>\n\t\t\t\t\t\t\t<\/a>\n\t\t\t\t\t\t\t\t\t\t\t\t\t\t<figcaption class=\"photoswipe-gallery-caption\" style=\"display:none;\"><\/figcaption>\n\n\t\t\t\t\t\t<\/figure>\n\t\t\t\t\t\t\t\t\t\t<figure class=\"msnry_items\" itemscope itemtype=\"http:\/\/schema.org\/ImageObject\" style=\"width:280px;\">\n\t\t\t\t\t\t\t<a href=\"https:\/\/vragerup.se\/wp-content\/uploads\/hostfika-1200-1200x900.jpg\" itemprop=\"contentUrl\" data-size=\"1200x900\" data-caption=\"\" style=\"height:202.62664165103px;\">\n\t\t\t\t\t\t\t\t<img decoding=\"async\" class=\"msnry_thumb\" src=\"https:\/\/vragerup.se\/wp-content\/uploads\/hostfika-1200-533x400.jpg\" itemprop=\"thumbnail\" alt=\"\" \/>\n\t\t\t\t\t\t\t<\/a>\n\t\t\t\t\t\t\t\t\t\t\t\t\t\t<figcaption class=\"photoswipe-gallery-caption\" style=\"display:none;\"><\/figcaption>\n\n\t\t\t\t\t\t<\/figure>\n\t\t\t\t\t\t\t\t\t\t<figure class=\"msnry_items\" itemscope itemtype=\"http:\/\/schema.org\/ImageObject\" style=\"width:280px;\">\n\t\t\t\t\t\t\t<a href=\"https:\/\/vragerup.se\/wp-content\/uploads\/koksdetalj-lagenhet-h1000.jpg\" itemprop=\"contentUrl\" data-size=\"750x1000\" data-caption=\"\" style=\"height:360px;\">\n\t\t\t\t\t\t\t\t<img decoding=\"async\" class=\"msnry_thumb\" src=\"https:\/\/vragerup.se\/wp-content\/uploads\/koksdetalj-lagenhet-h1000-300x400.jpg\" itemprop=\"thumbnail\" alt=\"\" \/>\n\t\t\t\t\t\t\t<\/a>\n\t\t\t\t\t\t\t\t\t\t\t\t\t\t<figcaption class=\"photoswipe-gallery-caption\" style=\"display:none;\"><\/figcaption>\n\n\t\t\t\t\t\t<\/figure>\n\t\t\t\t\t\t\t\t\t\t<figure class=\"msnry_items\" itemscope itemtype=\"http:\/\/schema.org\/ImageObject\" style=\"width:280px;\">\n\t\t\t\t\t\t\t<a href=\"https:\/\/vragerup.se\/wp-content\/uploads\/poolhuset-1200-1200x900.jpg\" itemprop=\"contentUrl\" data-size=\"1200x900\" data-caption=\"\" style=\"height:202.62664165103px;\">\n\t\t\t\t\t\t\t\t<img decoding=\"async\" class=\"msnry_thumb\" src=\"https:\/\/vragerup.se\/wp-content\/uploads\/poolhuset-1200-533x400.jpg\" itemprop=\"thumbnail\" alt=\"Poolhuset\" \/>\n\t\t\t\t\t\t\t<\/a>\n\t\t\t\t\t\t\t\t\t\t\t\t\t\t<figcaption class=\"photoswipe-gallery-caption\" style=\"display:none;\"><\/figcaption>\n\n\t\t\t\t\t\t<\/figure>\n\t\t\t\t\t\t\t\t\t\t<figure class=\"msnry_items\" itemscope itemtype=\"http:\/\/schema.org\/ImageObject\" style=\"width:280px;\">\n\t\t\t\t\t\t\t<a href=\"https:\/\/vragerup.se\/wp-content\/uploads\/sang-1200.jpg\" itemprop=\"contentUrl\" data-size=\"640x960\" data-caption=\"\" style=\"height:404.49438202247px;\">\n\t\t\t\t\t\t\t\t<img decoding=\"async\" class=\"msnry_thumb\" src=\"https:\/\/vragerup.se\/wp-content\/uploads\/sang-1200-267x400.jpg\" itemprop=\"thumbnail\" alt=\"\" \/>\n\t\t\t\t\t\t\t<\/a>\n\t\t\t\t\t\t\t\t\t\t\t\t\t\t<figcaption class=\"photoswipe-gallery-caption\" style=\"display:none;\"><\/figcaption>\n\n\t\t\t\t\t\t<\/figure>\n\t\t\t\t\t\t\t\t\t\t<figure class=\"msnry_items\" itemscope itemtype=\"http:\/\/schema.org\/ImageObject\" style=\"width:280px;\">\n\t\t\t\t\t\t\t<a href=\"https:\/\/vragerup.se\/wp-content\/uploads\/tradgard-pipa-1200-1200x900.jpg\" itemprop=\"contentUrl\" data-size=\"1200x900\" data-caption=\"\" style=\"height:202.62664165103px;\">\n\t\t\t\t\t\t\t\t<img decoding=\"async\" class=\"msnry_thumb\" src=\"https:\/\/vragerup.se\/wp-content\/uploads\/tradgard-pipa-1200-533x400.jpg\" itemprop=\"thumbnail\" alt=\"\" \/>\n\t\t\t\t\t\t\t<\/a>\n\t\t\t\t\t\t\t\t\t\t\t\t\t\t<figcaption class=\"photoswipe-gallery-caption\" style=\"display:none;\"><\/figcaption>\n\n\t\t\t\t\t\t<\/figure>\n\t\t\t\t\t\t\t\t\t\t<figure class=\"msnry_items\" itemscope itemtype=\"http:\/\/schema.org\/ImageObject\" style=\"width:280px;\">\n\t\t\t\t\t\t\t<a href=\"https:\/\/vragerup.se\/wp-content\/uploads\/Tvatt-1200-1200x900.jpg\" itemprop=\"contentUrl\" data-size=\"1200x900\" data-caption=\"\" style=\"height:202.62664165103px;\">\n\t\t\t\t\t\t\t\t<img decoding=\"async\" class=\"msnry_thumb\" src=\"https:\/\/vragerup.se\/wp-content\/uploads\/Tvatt-1200-533x400.jpg\" itemprop=\"thumbnail\" alt=\"\" \/>\n\t\t\t\t\t\t\t<\/a>\n\t\t\t\t\t\t\t\t\t\t\t\t\t\t<figcaption class=\"photoswipe-gallery-caption\" style=\"display:none;\"><\/figcaption>\n\n\t\t\t\t\t\t<\/figure>\n\t\t\t\t\t\t\t\t\t\t<figure class=\"msnry_items\" itemscope itemtype=\"http:\/\/schema.org\/ImageObject\" style=\"width:280px;\">\n\t\t\t\t\t\t\t<a href=\"https:\/\/vragerup.se\/wp-content\/uploads\/varbruk-1200-1200x900.jpg\" itemprop=\"contentUrl\" data-size=\"1200x900\" data-caption=\"V\u00e5rbruk\" style=\"height:202.62664165103px;\">\n\t\t\t\t\t\t\t\t<img decoding=\"async\" class=\"msnry_thumb\" src=\"https:\/\/vragerup.se\/wp-content\/uploads\/varbruk-1200-533x400.jpg\" itemprop=\"thumbnail\" alt=\"V\u00e5rbruk\" \/>\n\t\t\t\t\t\t\t<\/a>\n\t\t\t\t\t\t\t\t\t\t\t\t\t\t<figcaption class=\"photoswipe-gallery-caption\" style=\"display:none;\">V\u00e5rbruk<\/figcaption>\n\n\t\t\t\t\t\t<\/figure>\n\t\t\t\t\t\t\t\t\t\t<figure class=\"msnry_items\" itemscope itemtype=\"http:\/\/schema.org\/ImageObject\" style=\"width:280px;\">\n\t\t\t\t\t\t\t<a href=\"https:\/\/vragerup.se\/wp-content\/uploads\/dammen-1200-1200x900.jpg\" itemprop=\"contentUrl\" data-size=\"1200x900\" data-caption=\"\" style=\"height:202.62664165103px;\">\n\t\t\t\t\t\t\t\t<img decoding=\"async\" class=\"msnry_thumb\" src=\"https:\/\/vragerup.se\/wp-content\/uploads\/dammen-1200-533x400.jpg\" itemprop=\"thumbnail\" alt=\"\" \/>\n\t\t\t\t\t\t\t<\/a>\n\t\t\t\t\t\t\t\t\t\t\t\t\t\t<figcaption class=\"photoswipe-gallery-caption\" style=\"display:none;\"><\/figcaption>\n\n\t\t\t\t\t\t<\/figure>\n\t\t\t\t\t\t\t\t\t\t<figure class=\"msnry_items\" itemscope itemtype=\"http:\/\/schema.org\/ImageObject\" style=\"width:280px;\">\n\t\t\t\t\t\t\t<a href=\"https:\/\/vragerup.se\/wp-content\/uploads\/allrum3648-h1000.jpg\" itemprop=\"contentUrl\" data-size=\"750x1000\" data-caption=\"\" style=\"height:360px;\">\n\t\t\t\t\t\t\t\t<img decoding=\"async\" class=\"msnry_thumb\" src=\"https:\/\/vragerup.se\/wp-content\/uploads\/allrum3648-h1000-300x400.jpg\" itemprop=\"thumbnail\" alt=\"Allrum\" \/>\n\t\t\t\t\t\t\t<\/a>\n\t\t\t\t\t\t\t\t\t\t\t\t\t\t<figcaption class=\"photoswipe-gallery-caption\" style=\"display:none;\"><\/figcaption>\n\n\t\t\t\t\t\t<\/figure>\n\t\t\t\t\t\t\t\t\t\t<figure class=\"msnry_items\" itemscope itemtype=\"http:\/\/schema.org\/ImageObject\" style=\"width:280px;\">\n\t\t\t\t\t\t\t<a href=\"https:\/\/vragerup.se\/wp-content\/uploads\/poolhuset-305-h1000.jpg\" itemprop=\"contentUrl\" data-size=\"750x1000\" data-caption=\"\" style=\"height:360px;\">\n\t\t\t\t\t\t\t\t<img decoding=\"async\" class=\"msnry_thumb\" src=\"https:\/\/vragerup.se\/wp-content\/uploads\/poolhuset-305-h1000-300x400.jpg\" itemprop=\"thumbnail\" alt=\"Poolhuset\" \/>\n\t\t\t\t\t\t\t<\/a>\n\t\t\t\t\t\t\t\t\t\t\t\t\t\t<figcaption class=\"photoswipe-gallery-caption\" style=\"display:none;\"><\/figcaption>\n\n\t\t\t\t\t\t<\/figure>\n\t\t\t\t\t\t\t\t\t\t<figure class=\"msnry_items\" itemscope itemtype=\"http:\/\/schema.org\/ImageObject\" style=\"width:280px;\">\n\t\t\t\t\t\t\t<a href=\"https:\/\/vragerup.se\/wp-content\/uploads\/vragerup9457-1200-1200x800.jpg\" itemprop=\"contentUrl\" data-size=\"1200x800\" data-caption=\"\" style=\"height:179.83928571429px;\">\n\t\t\t\t\t\t\t\t<img decoding=\"async\" class=\"msnry_thumb\" src=\"https:\/\/vragerup.se\/wp-content\/uploads\/vragerup9457-1200-560x373.jpg\" itemprop=\"thumbnail\" alt=\"Vragerups g\u00e5rd\" \/>\n\t\t\t\t\t\t\t<\/a>\n\t\t\t\t\t\t\t\t\t\t\t\t\t\t<figcaption class=\"photoswipe-gallery-caption\" style=\"display:none;\"><\/figcaption>\n\n\t\t\t\t\t\t<\/figure>\n\t\t\t\t\t\t\t\t\t\t<figure class=\"msnry_items\" itemscope itemtype=\"http:\/\/schema.org\/ImageObject\" style=\"width:280px;\">\n\t\t\t\t\t\t\t<a href=\"https:\/\/vragerup.se\/wp-content\/uploads\/hundarna-o-jag-800.jpg\" itemprop=\"contentUrl\" data-size=\"800x533\" data-caption=\"Anna med hundar\" style=\"height:179.83928571429px;\">\n\t\t\t\t\t\t\t\t<img decoding=\"async\" class=\"msnry_thumb\" src=\"https:\/\/vragerup.se\/wp-content\/uploads\/hundarna-o-jag-800-560x373.jpg\" itemprop=\"thumbnail\" alt=\"Anna med hundarna\" \/>\n\t\t\t\t\t\t\t<\/a>\n\t\t\t\t\t\t\t\t\t\t\t\t\t\t<figcaption class=\"photoswipe-gallery-caption\" style=\"display:none;\">Anna med hundar<\/figcaption>\n\n\t\t\t\t\t\t<\/figure>\n\t\t\t\t\t\t\t<\/div>\n\t\t<\/div>\n\t\t<div style='clear:both'><\/div>\n\n","protected":false},"excerpt":{"rendered":"","protected":false},"author":1,"featured_media":0,"parent":0,"menu_order":0,"comment_status":"closed","ping_status":"closed","template":"","meta":{"footnotes":""},"class_list":["post-128","page","type-page","status-publish","hentry"],"_links":{"self":[{"href":"https:\/\/vragerup.se\/en\/wp-json\/wp\/v2\/pages\/128","targetHints":{"allow":["GET"]}}],"collection":[{"href":"https:\/\/vragerup.se\/en\/wp-json\/wp\/v2\/pages"}],"about":[{"href":"https:\/\/vragerup.se\/en\/wp-json\/wp\/v2\/types\/page"}],"author":[{"embeddable":true,"href":"https:\/\/vragerup.se\/en\/wp-json\/wp\/v2\/users\/1"}],"replies":[{"embeddable":true,"href":"https:\/\/vragerup.se\/en\/wp-json\/wp\/v2\/comments?post=128"}],"version-history":[{"count":11,"href":"https:\/\/vragerup.se\/en\/wp-json\/wp\/v2\/pages\/128\/revisions"}],"predecessor-version":[{"id":878,"href":"https:\/\/vragerup.se\/en\/wp-json\/wp\/v2\/pages\/128\/revisions\/878"}],"wp:attachment":[{"href":"https:\/\/vragerup.se\/en\/wp-json\/wp\/v2\/media?parent=128"}],"curies":[{"name":"wp","href":"https:\/\/api.w.org\/{rel}","templated":true}]}}