{"id":608,"date":"2016-04-07T10:30:49","date_gmt":"2016-04-07T10:30:49","guid":{"rendered":"http:\/\/korr.vragerup.se\/?page_id=608"},"modified":"2016-06-09T19:47:53","modified_gmt":"2016-06-09T19:47:53","slug":"ridning-kanoting-och-fiske","status":"publish","type":"page","link":"https:\/\/vragerup.se\/en\/ridning-kanoting-och-fiske\/","title":{"rendered":"Horseback riding,  canoeing and fishing"},"content":{"rendered":"<p><a class=\"single_photoswipe\" href=\"http:\/\/vragerup.se\/wp-content\/uploads\/familjenWraghe-600.jpg\" data-size=\"600x450\"><img loading=\"lazy\" decoding=\"async\" class=\"bildmedtext alignleft wp-image-49\" src=\"http:\/\/vragerup.se\/wp-content\/uploads\/familjenWraghe-600.jpg\" alt=\"Familjen Wraghe\" width=\"800\" height=\"600\" srcset=\"https:\/\/vragerup.se\/wp-content\/uploads\/familjenWraghe-600.jpg 600w, https:\/\/vragerup.se\/wp-content\/uploads\/familjenWraghe-600-200x150.jpg 200w, https:\/\/vragerup.se\/wp-content\/uploads\/familjenWraghe-600-533x400.jpg 533w\" sizes=\"auto, (max-width: 800px) 100vw, 800px\" \/><\/a><\/p>\n<ul>\n<li>If you are interested in horseback riding we suggest that you contact Sleipnirs \u00c4ngar or Fulltofta Naturcentrum. Visit <a href=\"http:\/\/www.skanskalanskap.se\/\">www.skanskalanskap.se<\/a> or <a href=\"http:\/\/www.kvarnbacka.se\/\">www.kvarnbacka.se<\/a> for more information.<\/li>\n<li>You can go canoeing in K\u00e4vlinge \u00e5n or by Stockam\u00f6llan. Read more on www.kanoting.se or <a href=\"http:\/\/www.kanotcentralen.se\/\">www.kanotcentralen.se<\/a>.<\/li>\n<li>If you would like to go fishing during your stay with us we have some options. R\u00f6gle dammar is about 15 minutes away from Vragerup and offers you beautiful nature, Good luck! You can also buy a fishingcard in Lomma and go fishing in one of the ponds or in the ocean. In Lomma there is a boat that you can go out with to fish cod. www.torskturer.se<\/li>\n<\/ul>\n<p><\/p>","protected":false},"excerpt":{"rendered":"<p>If you are interested in horseback riding we suggest that you contact Sleipnirs \u00c4ngar or Fulltofta Naturcentrum. Visit www.skanskalanskap.se or www.kvarnbacka.se for more information. You can go canoeing in K\u00e4vlinge \u00e5n or by Stockam\u00f6llan. Read more on www.kanoting.se or www.kanotcentralen.se. If you would like to go fishing during your stay with us we have some [&hellip;]<\/p>\n","protected":false},"author":1,"featured_media":0,"parent":0,"menu_order":0,"comment_status":"closed","ping_status":"closed","template":"","meta":{"footnotes":""},"class_list":["post-608","page","type-page","status-publish","hentry"],"_links":{"self":[{"href":"https:\/\/vragerup.se\/en\/wp-json\/wp\/v2\/pages\/608","targetHints":{"allow":["GET"]}}],"collection":[{"href":"https:\/\/vragerup.se\/en\/wp-json\/wp\/v2\/pages"}],"about":[{"href":"https:\/\/vragerup.se\/en\/wp-json\/wp\/v2\/types\/page"}],"author":[{"embeddable":true,"href":"https:\/\/vragerup.se\/en\/wp-json\/wp\/v2\/users\/1"}],"replies":[{"embeddable":true,"href":"https:\/\/vragerup.se\/en\/wp-json\/wp\/v2\/comments?post=608"}],"version-history":[{"count":9,"href":"https:\/\/vragerup.se\/en\/wp-json\/wp\/v2\/pages\/608\/revisions"}],"predecessor-version":[{"id":889,"href":"https:\/\/vragerup.se\/en\/wp-json\/wp\/v2\/pages\/608\/revisions\/889"}],"wp:attachment":[{"href":"https:\/\/vragerup.se\/en\/wp-json\/wp\/v2\/media?parent=608"}],"curies":[{"name":"wp","href":"https:\/\/api.w.org\/{rel}","templated":true}]}}