{"id":86,"date":"2015-10-06T17:28:33","date_gmt":"2015-10-06T17:28:33","guid":{"rendered":"http:\/\/korr.vragerup.se\/?page_id=86"},"modified":"2022-07-04T11:13:42","modified_gmt":"2022-07-04T11:13:42","slug":"golf","status":"publish","type":"page","link":"https:\/\/vragerup.se\/en\/att-gora\/golf\/","title":{"rendered":"Golf"},"content":{"rendered":"<p><a class=\"single_photoswipe\" href=\"http:\/\/vragerup.se\/wp-content\/uploads\/GolfAndSheep12_small.jpg\" data-size=\"800x533\"><img loading=\"lazy\" decoding=\"async\" class=\"bildmedtext alignleft wp-image-418 size-full\" src=\"http:\/\/vragerup.se\/wp-content\/uploads\/GolfAndSheep12_small.jpg\" alt=\"Golf\" width=\"800\" height=\"533\" srcset=\"https:\/\/vragerup.se\/wp-content\/uploads\/GolfAndSheep12_small.jpg 800w, https:\/\/vragerup.se\/wp-content\/uploads\/GolfAndSheep12_small-200x133.jpg 200w, https:\/\/vragerup.se\/wp-content\/uploads\/GolfAndSheep12_small-600x400.jpg 600w, https:\/\/vragerup.se\/wp-content\/uploads\/GolfAndSheep12_small-768x512.jpg 768w, https:\/\/vragerup.se\/wp-content\/uploads\/GolfAndSheep12_small-560x373.jpg 560w\" sizes=\"auto, (max-width: 800px) 100vw, 800px\" \/><\/a><\/p>\n<h2><strong>Our nearst golfcource is\u00a0<\/strong><\/h2>\n<p><a href=\"http:\/\/www.orestad.se\">www.orestad.se<\/a><\/p>\n<p>&nbsp;<\/p>\n<h3><a class=\"single_photoswipe\" href=\"http:\/\/vragerup.se\/wp-content\/uploads\/GolfAndSheep24_small.jpg\" data-size=\"900x506\"><img loading=\"lazy\" decoding=\"async\" class=\"bildmedtext alignleft wp-image-419 size-full\" src=\"http:\/\/vragerup.se\/wp-content\/uploads\/GolfAndSheep24_small.jpg\" alt=\"Golf\" width=\"900\" height=\"506\" srcset=\"https:\/\/vragerup.se\/wp-content\/uploads\/GolfAndSheep24_small.jpg 900w, https:\/\/vragerup.se\/wp-content\/uploads\/GolfAndSheep24_small-200x112.jpg 200w, https:\/\/vragerup.se\/wp-content\/uploads\/GolfAndSheep24_small-600x337.jpg 600w, https:\/\/vragerup.se\/wp-content\/uploads\/GolfAndSheep24_small-768x432.jpg 768w, https:\/\/vragerup.se\/wp-content\/uploads\/GolfAndSheep24_small-560x315.jpg 560w\" sizes=\"auto, (max-width: 900px) 100vw, 900px\" \/><\/a>Other golf courses nearby<\/h3>\n<p>Lunds Akademiska Golfklubb <a href=\"http:\/\/www.lagk.se\/\" target=\"_blank\" rel=\"noopener noreferrer\">www.lagk.se<\/a><br \/>\nBarseb\u00e4cks GK <a href=\"http:\/\/www.barseback-golf.se\/\" target=\"_blank\" rel=\"noopener noreferrer\">www.barseback-golf.se<\/a><br \/>\nK\u00e4vlinge GK <a href=\"http:\/\/www.kavlingegk.com\/\" target=\"_blank\" rel=\"noopener noreferrer\">www.kavlingegk.com<\/a><br \/>\nS\u00f6der\u00e5sens GK <a href=\"http:\/\/www.soderasensgk.se\/\" target=\"_blank\" rel=\"noopener noreferrer\">www.soderasensgk.se<\/a><\/p>\n<p>V\u00e4rpinge Golfbana <a href=\"http:\/\/www.varpingegolfbana.se\">www.varpingegolfbana.se<\/a><\/p>\n<p>&nbsp;<\/p>","protected":false},"excerpt":{"rendered":"<p>Our nearst golfcource is\u00a0 www.orestad.se &nbsp; Other golf courses nearby Lunds Akademiska Golfklubb www.lagk.se Barseb\u00e4cks GK www.barseback-golf.se K\u00e4vlinge GK www.kavlingegk.com S\u00f6der\u00e5sens GK www.soderasensgk.se V\u00e4rpinge Golfbana www.varpingegolfbana.se &nbsp;<\/p>\n","protected":false},"author":1,"featured_media":232,"parent":77,"menu_order":0,"comment_status":"closed","ping_status":"closed","template":"","meta":{"footnotes":""},"class_list":["post-86","page","type-page","status-publish","has-post-thumbnail","hentry"],"_links":{"self":[{"href":"https:\/\/vragerup.se\/en\/wp-json\/wp\/v2\/pages\/86","targetHints":{"allow":["GET"]}}],"collection":[{"href":"https:\/\/vragerup.se\/en\/wp-json\/wp\/v2\/pages"}],"about":[{"href":"https:\/\/vragerup.se\/en\/wp-json\/wp\/v2\/types\/page"}],"author":[{"embeddable":true,"href":"https:\/\/vragerup.se\/en\/wp-json\/wp\/v2\/users\/1"}],"replies":[{"embeddable":true,"href":"https:\/\/vragerup.se\/en\/wp-json\/wp\/v2\/comments?post=86"}],"version-history":[{"count":27,"href":"https:\/\/vragerup.se\/en\/wp-json\/wp\/v2\/pages\/86\/revisions"}],"predecessor-version":[{"id":1096,"href":"https:\/\/vragerup.se\/en\/wp-json\/wp\/v2\/pages\/86\/revisions\/1096"}],"up":[{"embeddable":true,"href":"https:\/\/vragerup.se\/en\/wp-json\/wp\/v2\/pages\/77"}],"wp:featuredmedia":[{"embeddable":true,"href":"https:\/\/vragerup.se\/en\/wp-json\/wp\/v2\/media\/232"}],"wp:attachment":[{"href":"https:\/\/vragerup.se\/en\/wp-json\/wp\/v2\/media?parent=86"}],"curies":[{"name":"wp","href":"https:\/\/api.w.org\/{rel}","templated":true}]}}