{"id":9,"date":"2013-12-08T20:06:45","date_gmt":"2013-12-08T20:06:45","guid":{"rendered":"http:\/\/korr.vragerup.se\/?page_id=9"},"modified":"2016-04-11T06:57:23","modified_gmt":"2016-04-11T06:57:23","slug":"boka","status":"publish","type":"page","link":"https:\/\/vragerup.se\/en\/boka\/","title":{"rendered":"Boka"},"content":{"rendered":"<p>Allm\u00e4n bokningsinformation<\/p>\n<ul>\n<li>Lakan, handdukar och frukost ing\u00e5r i v\u00e5ra priser.<\/li>\n<li>Vi kan tyv\u00e4rr ej ta kontantkort eller kreditkort.<\/li>\n<li>Hundar och andra husdjur \u00e4r ej till\u00e5tna p\u00e5 rummen.<\/li>\n<li>Som g\u00e4st hos oss kan du bjuda in egna g\u00e4ster till frukost. D\u00e5 kostar en frukost 75 SEK\/pers.<\/li>\n<li>R\u00f6kfritt inomhus.<\/li>\n<li>Ankomst mellan 15.00 och 18.00 eller enligt \u00f6verenskommelse. Vid bokning v\u00e4nligen uppge ett mobilnummer.<\/li>\n<li>Avresa: Rummen b\u00f6r vara tillg\u00e4ngliga f\u00f6r st\u00e4dning efter kl. 11.00.<\/li>\n<li>Ej avbokat rum senast dagen innan, debiteras.<\/li>\n<\/ul>\n","protected":false},"excerpt":{"rendered":"<p>Allm\u00e4n bokningsinformation Lakan, handdukar och frukost ing\u00e5r i v\u00e5ra priser. Vi kan tyv\u00e4rr ej ta kontantkort eller kreditkort. Hundar och andra husdjur \u00e4r ej till\u00e5tna p\u00e5 rummen. Som g\u00e4st hos oss kan du bjuda in egna g\u00e4ster till frukost. D\u00e5 kostar en frukost 75 SEK\/pers. R\u00f6kfritt inomhus. Ankomst mellan 15.00 och 18.00 eller enligt \u00f6verenskommelse. [&hellip;]<\/p>\n","protected":false},"author":1,"featured_media":163,"parent":0,"menu_order":0,"comment_status":"closed","ping_status":"closed","template":"","meta":{"footnotes":""},"class_list":["post-9","page","type-page","status-publish","has-post-thumbnail","hentry"],"_links":{"self":[{"href":"https:\/\/vragerup.se\/en\/wp-json\/wp\/v2\/pages\/9","targetHints":{"allow":["GET"]}}],"collection":[{"href":"https:\/\/vragerup.se\/en\/wp-json\/wp\/v2\/pages"}],"about":[{"href":"https:\/\/vragerup.se\/en\/wp-json\/wp\/v2\/types\/page"}],"author":[{"embeddable":true,"href":"https:\/\/vragerup.se\/en\/wp-json\/wp\/v2\/users\/1"}],"replies":[{"embeddable":true,"href":"https:\/\/vragerup.se\/en\/wp-json\/wp\/v2\/comments?post=9"}],"version-history":[{"count":3,"href":"https:\/\/vragerup.se\/en\/wp-json\/wp\/v2\/pages\/9\/revisions"}],"predecessor-version":[{"id":623,"href":"https:\/\/vragerup.se\/en\/wp-json\/wp\/v2\/pages\/9\/revisions\/623"}],"wp:featuredmedia":[{"embeddable":true,"href":"https:\/\/vragerup.se\/en\/wp-json\/wp\/v2\/media\/163"}],"wp:attachment":[{"href":"https:\/\/vragerup.se\/en\/wp-json\/wp\/v2\/media?parent=9"}],"curies":[{"name":"wp","href":"https:\/\/api.w.org\/{rel}","templated":true}]}}