{"id":915,"date":"2016-06-17T13:56:31","date_gmt":"2016-06-17T13:56:31","guid":{"rendered":"http:\/\/korr.vragerup.se\/?page_id=915"},"modified":"2016-06-17T13:56:31","modified_gmt":"2016-06-17T13:56:31","slug":"english-vragerup-bed-breakfast","status":"publish","type":"page","link":"https:\/\/vragerup.se\/en\/english-vragerup-bed-breakfast\/","title":{"rendered":"Vragerup Bed &#038; Breakfast"},"content":{"rendered":"<p><\/p>\n<div class=\"entry-content\">\n<p>I s\u00f6dra Sverige vid Sk\u00e5nes v\u00e4stra kust hittar ni Vragerups G\u00e5rd &amp; Bed and Breakfast. H\u00e4r \u00e4r det n\u00e4ra till det mesta. Vi har ca 5 min till Lund, ca 10 min till Malm\u00f6 och tar du dig \u00f6ver \u00d6resundsbron s\u00e5 \u00e4r du i centrala K\u00f6penhamn p\u00e5 mindre \u00e4n en timme.<\/p>\n<p>H\u00e4r sover ni i lantlig lugn och ro i en sk\u00e5nel\u00e4nga fr\u00e5n 1850. P\u00e5 morgonen avnjutes en h\u00e4rlig frukostbuff\u00e9 och d\u00e4refter \u00e4r ni f\u00f6rhoppningsvis redo f\u00f6r dagen vare sig det g\u00e4ller att arbeta, g\u00e5 kurs eller njuta av semester och ledighet.<\/p>\n<h3>Bed &amp; Breakfast<\/h3>\n<p>V\u00e5rt boende best\u00e5r av fyra hemtrevliga och personligt inredda rum4. Tv\u00e5 av rummen delar p\u00e5 en dusch och toalett.<\/p>\n<p>Som g\u00e4st hos oss har du ocks\u00e5 tillg\u00e5ng till ett allrum med TV, matplats och pentry p\u00e5 ovanv\u00e5ningen, ett allrum p\u00e5 nedanv\u00e5ningen, frukostrummet och en stor h\u00e4rlig tr\u00e4dg\u00e5rd med swimmingpool och poolhus. I frukostrummet serveras en rej\u00e4l lantfrukostbuff\u00e9, oftast med hemlagat br\u00f6d och v\u00e5r egen marmelad och sylt.<\/p>\n<h3>Semesterl\u00e4genhet<\/h3>\n<p>Vi har \u00e4ven en l\u00e4genhet p\u00e5 g\u00e5rden som hyrs ut som sj\u00e4lvhush\u00e5ll. Nedre plan best\u00e5r av: ett stort lantk\u00f6k, med kyl och frys, spis med ugn, diskmaskin och husger\u00e5d. D\u00e4r nere finns \u00e4ven en rymlig helkaklad dusch och toalett. Tv\u00e4ttmaskin finns. \u00d6vre plan best\u00e5r av ett stort ljust allrum med en sovalkov med en 140 cm s\u00e4ng, soffgrupp, TV och en liten arbetsplats. Fritt bredband ing\u00e5r. G\u00e4sterna i l\u00e4genheten \u00e4r hj\u00e4rtligt v\u00e4lkomna att dela tr\u00e4dg\u00e5rdarna kring boningshuset med poolomr\u00e5det och poolhuset, precis som \u00f6vriga g\u00e4ster p\u00e5 g\u00e5rden.<\/p>\n<p>Vi vill g\u00f6ra v\u00e5ra g\u00e4ster uppm\u00e4rksamma p\u00e5 att det \u00e4r en brant trappa mellan v\u00e5ningarna och eftersom v\u00e5ningen ligger i ganska n\u00e4ra anslutning till g\u00e5rdens lantbruksverksamhet f\u00f6rekommer en del ljud som h\u00f6r till verksamheten.<\/p>\n<h3>Priser och bokning<\/h3>\n<p>Vi kan tyv\u00e4rr ej ta emot g\u00e4stande hundar och andra husdjur p\u00e5 rummen.<\/p>\n<p><em>Denna sida \u00e4r endast en kort sammanfattning av v\u00e5r hemsida f\u00f6r nederl\u00e4ndska\/tyska l\u00e4sare. F\u00f6r priser, mer information och fler bilder h\u00e4nvisar vi till den engelska delen av v\u00e5r hemsida eller kontakta oss.<\/em><\/div>\n<h3>Kontakt<\/h3>\n<p>Anna Wraghe<br \/>\nVragerupsv\u00e4gen 211<br \/>\n245 61 Staffanstorp<\/p>\n<p>Tel och fax: +46 46 211 24 51<br \/>\nMobil Anna (husfru) +46 708 21 24 51<br \/>\nMobil Christian (bonden) +46 708 35 99 91<\/p>\n<p>E-mail: <a href=\"mailto:vragerupsgard@gmail.com\">vragerupsgard@gmail.com<\/a><\/p>\n<p>Hj\u00e4rtligt v\u00e4lkommen att sova och \u00e4ta frukost hos en svensk bonde med familj!<\/p>\n<h4 id=\"signatur\">Familjen Wraghe<\/h4>\n<p><\/p>","protected":false},"excerpt":{"rendered":"<p>I s\u00f6dra Sverige vid Sk\u00e5nes v\u00e4stra kust hittar ni Vragerups G\u00e5rd &amp; Bed and Breakfast. H\u00e4r \u00e4r det n\u00e4ra till det mesta. Vi har ca 5 min till Lund, ca 10 min till Malm\u00f6 och tar du dig \u00f6ver \u00d6resundsbron s\u00e5 \u00e4r du i centrala K\u00f6penhamn p\u00e5 mindre \u00e4n en timme. H\u00e4r sover ni i [&hellip;]<\/p>\n","protected":false},"author":1,"featured_media":0,"parent":0,"menu_order":0,"comment_status":"closed","ping_status":"closed","template":"","meta":{"footnotes":""},"class_list":["post-915","page","type-page","status-publish","hentry"],"_links":{"self":[{"href":"https:\/\/vragerup.se\/en\/wp-json\/wp\/v2\/pages\/915","targetHints":{"allow":["GET"]}}],"collection":[{"href":"https:\/\/vragerup.se\/en\/wp-json\/wp\/v2\/pages"}],"about":[{"href":"https:\/\/vragerup.se\/en\/wp-json\/wp\/v2\/types\/page"}],"author":[{"embeddable":true,"href":"https:\/\/vragerup.se\/en\/wp-json\/wp\/v2\/users\/1"}],"replies":[{"embeddable":true,"href":"https:\/\/vragerup.se\/en\/wp-json\/wp\/v2\/comments?post=915"}],"version-history":[{"count":1,"href":"https:\/\/vragerup.se\/en\/wp-json\/wp\/v2\/pages\/915\/revisions"}],"predecessor-version":[{"id":917,"href":"https:\/\/vragerup.se\/en\/wp-json\/wp\/v2\/pages\/915\/revisions\/917"}],"wp:attachment":[{"href":"https:\/\/vragerup.se\/en\/wp-json\/wp\/v2\/media?parent=915"}],"curies":[{"name":"wp","href":"https:\/\/api.w.org\/{rel}","templated":true}]}}