{"id":92,"date":"2015-10-06T17:31:24","date_gmt":"2015-10-06T17:31:24","guid":{"rendered":"http:\/\/korr.vragerup.se\/?page_id=92"},"modified":"2016-02-23T14:54:12","modified_gmt":"2016-02-23T14:54:12","slug":"shopping","status":"publish","type":"page","link":"https:\/\/vragerup.se\/en\/att-gora\/shopping\/","title":{"rendered":"Shopping"},"content":{"rendered":"<p><span class=\"imgflexbox\"><a href=\"http:\/\/vragerup.se\/wp-content\/uploads\/malmo.jpg\"><img loading=\"lazy\" decoding=\"async\" class=\"alignnone size-full wp-image-237\" src=\"http:\/\/vragerup.se\/wp-content\/uploads\/malmo.jpg\" alt=\"Shopping i Malm\u00f6\" width=\"348\" height=\"243\" srcset=\"https:\/\/vragerup.se\/wp-content\/uploads\/malmo.jpg 348w, https:\/\/vragerup.se\/wp-content\/uploads\/malmo-200x140.jpg 200w\" sizes=\"auto, (max-width: 348px) 100vw, 348px\" \/><\/a><span class=\"flexbox\">Malm\u00f6 och Lund n\u00e5r man p\u00e5 5 resp. 10 minuter. I centrala K\u00f6penhamn \u00e4r du p\u00e5 en timme. Antingen tar du bilen \u00f6ver bron eller hoppar p\u00e5 P\u00e5gat\u00e5get i Hj\u00e4rup 1,5 km fr\u00e5n Vragerup eller s\u00e5 st\u00e4ller man bilen vid Sv\u00e5gertorp och tar t\u00e5get \u00f6ver bron. Det \u00e4r v\u00e4ldigt trevligt att g\u00f6ra en \u00d6resundsrundtur. Bron det ena h\u00e5llet och b\u00e5tarna i Helsingborg andra h\u00e5llet. Det finns givetvis m\u00e4ngder med shopping \u00e4ven utanf\u00f6r storst\u00e4dernas puls&#8230;<\/span><\/span><br \/>\n<span class=\"imgattr\">Malm\u00f6. Foto: <a href=\"https:\/\/commons.wikimedia.org\/wiki\/User:Jorchr\">jorchr<\/a> \/ <a href=\"https:\/\/creativecommons.org\/licenses\/by-sa\/3.0\/deed.en\">CC BY-SA 3.0<\/a><\/span><\/p>\n","protected":false},"excerpt":{"rendered":"<p>Malm\u00f6. Foto: jorchr \/ CC BY-SA 3.0<\/p>\n","protected":false},"author":1,"featured_media":0,"parent":77,"menu_order":0,"comment_status":"closed","ping_status":"closed","template":"","meta":{"footnotes":""},"class_list":["post-92","page","type-page","status-publish","hentry"],"_links":{"self":[{"href":"https:\/\/vragerup.se\/en\/wp-json\/wp\/v2\/pages\/92","targetHints":{"allow":["GET"]}}],"collection":[{"href":"https:\/\/vragerup.se\/en\/wp-json\/wp\/v2\/pages"}],"about":[{"href":"https:\/\/vragerup.se\/en\/wp-json\/wp\/v2\/types\/page"}],"author":[{"embeddable":true,"href":"https:\/\/vragerup.se\/en\/wp-json\/wp\/v2\/users\/1"}],"replies":[{"embeddable":true,"href":"https:\/\/vragerup.se\/en\/wp-json\/wp\/v2\/comments?post=92"}],"version-history":[{"count":7,"href":"https:\/\/vragerup.se\/en\/wp-json\/wp\/v2\/pages\/92\/revisions"}],"predecessor-version":[{"id":242,"href":"https:\/\/vragerup.se\/en\/wp-json\/wp\/v2\/pages\/92\/revisions\/242"}],"up":[{"embeddable":true,"href":"https:\/\/vragerup.se\/en\/wp-json\/wp\/v2\/pages\/77"}],"wp:attachment":[{"href":"https:\/\/vragerup.se\/en\/wp-json\/wp\/v2\/media?parent=92"}],"curies":[{"name":"wp","href":"https:\/\/api.w.org\/{rel}","templated":true}]}}